{"id":490,"date":"2025-11-06T08:59:48","date_gmt":"2025-11-06T08:59:48","guid":{"rendered":"https:\/\/jvbfood.asia\/?post_type=product&#038;p=490"},"modified":"2026-01-11T05:42:16","modified_gmt":"2026-01-11T05:42:16","slug":"tre-nguyen-con","status":"publish","type":"product","link":"https:\/\/jvbfood.asia\/?product=tre-nguyen-con","title":{"rendered":"TR\u00ca NGUY\u00caN CON"},"content":{"rendered":"","protected":false},"excerpt":{"rendered":"<p>Th\u00f9ng 15kg<\/p>\n","protected":false},"featured_media":492,"template":"","meta":{"_acf_changed":false},"product_brand":[],"product_cat":[76,69],"product_tag":[],"class_list":{"0":"post-490","1":"product","2":"type-product","3":"status-publish","4":"has-post-thumbnail","6":"product_cat-ca","7":"product_cat-tom-cua-ca-thuy-hai-san","9":"first","10":"outofstock","11":"shipping-taxable","12":"purchasable","13":"product-type-simple"},"acf":[],"yoast_head":"<!-- This site is optimized with the Yoast SEO plugin v27.2 - https:\/\/yoast.com\/product\/yoast-seo-wordpress\/ -->\n<title>TR\u00ca NGUY\u00caN CON - JVB Food<\/title>\n<meta name=\"robots\" content=\"index, follow, max-snippet:-1, max-image-preview:large, max-video-preview:-1\" \/>\n<link rel=\"canonical\" href=\"https:\/\/jvbfood.asia\/?product=tre-nguyen-con\" \/>\n<meta property=\"og:locale\" content=\"vi_VN\" \/>\n<meta property=\"og:type\" content=\"article\" \/>\n<meta property=\"og:title\" content=\"TR\u00ca NGUY\u00caN CON - JVB Food\" \/>\n<meta property=\"og:description\" content=\"Th\u00f9ng 15kg\" \/>\n<meta property=\"og:url\" content=\"https:\/\/jvbfood.asia\/?product=tre-nguyen-con\" \/>\n<meta property=\"og:site_name\" content=\"JVB Food\" \/>\n<meta property=\"article:modified_time\" content=\"2026-01-11T05:42:16+00:00\" \/>\n<meta property=\"og:image\" content=\"https:\/\/jvbfood.asia\/wp-content\/uploads\/2025\/06\/461658418_563733322757217_6883323030452077698_n.jpg\" \/>\n\t<meta property=\"og:image:width\" content=\"960\" \/>\n\t<meta property=\"og:image:height\" content=\"1280\" \/>\n\t<meta property=\"og:image:type\" content=\"image\/jpeg\" \/>\n<meta name=\"twitter:card\" content=\"summary_large_image\" \/>\n<script type=\"application\/ld+json\" class=\"yoast-schema-graph\">{\"@context\":\"https:\/\/schema.org\",\"@graph\":[{\"@type\":\"WebPage\",\"@id\":\"https:\/\/jvbfood.asia\/?product=tre-nguyen-con\",\"url\":\"https:\/\/jvbfood.asia\/?product=tre-nguyen-con\",\"name\":\"TR\u00ca NGUY\u00caN CON - JVB Food\",\"isPartOf\":{\"@id\":\"https:\/\/jvbfood.asia\/#website\"},\"primaryImageOfPage\":{\"@id\":\"https:\/\/jvbfood.asia\/?product=tre-nguyen-con#primaryimage\"},\"image\":{\"@id\":\"https:\/\/jvbfood.asia\/?product=tre-nguyen-con#primaryimage\"},\"thumbnailUrl\":\"https:\/\/jvbfood.asia\/wp-content\/uploads\/2025\/06\/461658418_563733322757217_6883323030452077698_n.jpg\",\"datePublished\":\"2025-11-06T08:59:48+00:00\",\"dateModified\":\"2026-01-11T05:42:16+00:00\",\"breadcrumb\":{\"@id\":\"https:\/\/jvbfood.asia\/?product=tre-nguyen-con#breadcrumb\"},\"inLanguage\":\"vi\",\"potentialAction\":[{\"@type\":\"ReadAction\",\"target\":[\"https:\/\/jvbfood.asia\/?product=tre-nguyen-con\"]}]},{\"@type\":\"ImageObject\",\"inLanguage\":\"vi\",\"@id\":\"https:\/\/jvbfood.asia\/?product=tre-nguyen-con#primaryimage\",\"url\":\"https:\/\/jvbfood.asia\/wp-content\/uploads\/2025\/06\/461658418_563733322757217_6883323030452077698_n.jpg\",\"contentUrl\":\"https:\/\/jvbfood.asia\/wp-content\/uploads\/2025\/06\/461658418_563733322757217_6883323030452077698_n.jpg\",\"width\":960,\"height\":1280},{\"@type\":\"BreadcrumbList\",\"@id\":\"https:\/\/jvbfood.asia\/?product=tre-nguyen-con#breadcrumb\",\"itemListElement\":[{\"@type\":\"ListItem\",\"position\":1,\"name\":\"Trang ch\u1ee7\",\"item\":\"https:\/\/jvbfood.asia\/\"},{\"@type\":\"ListItem\",\"position\":2,\"name\":\"Shop\",\"item\":\"https:\/\/jvbfood.asia\/?page_id=19\"},{\"@type\":\"ListItem\",\"position\":3,\"name\":\"TR\u00ca NGUY\u00caN CON\"}]},{\"@type\":\"WebSite\",\"@id\":\"https:\/\/jvbfood.asia\/#website\",\"url\":\"https:\/\/jvbfood.asia\/\",\"name\":\"JVB Food\",\"description\":\"JVB Food chuy\u00ean cung c\u1ea5p &amp; ph\u00e2n ph\u1ed1i s\u1ec9 th\u1ef1c ph\u1ea9m Vi\u1ec7t Nam ngon, chu\u1ea9n v\u1ecb t\u1ea1i Nh\u1eadt B\u1ea3n cho nh\u00e0 h\u00e0ng, qu\u00e1n \u0103n v\u00e0 \u0111\u1ed1i t\u00e1c kinh doanh. Ngu\u1ed3n h\u00e0ng \u1ed5n \u0111\u1ecbnh \u2013 gi\u00e1 s\u1ec9 c\u1ea1nh tranh.\",\"potentialAction\":[{\"@type\":\"SearchAction\",\"target\":{\"@type\":\"EntryPoint\",\"urlTemplate\":\"https:\/\/jvbfood.asia\/?s={search_term_string}\"},\"query-input\":{\"@type\":\"PropertyValueSpecification\",\"valueRequired\":true,\"valueName\":\"search_term_string\"}}],\"inLanguage\":\"vi\"}]}<\/script>\n<!-- \/ Yoast SEO plugin. -->","yoast_head_json":{"title":"TR\u00ca NGUY\u00caN CON - JVB Food","robots":{"index":"index","follow":"follow","max-snippet":"max-snippet:-1","max-image-preview":"max-image-preview:large","max-video-preview":"max-video-preview:-1"},"canonical":"https:\/\/jvbfood.asia\/?product=tre-nguyen-con","og_locale":"vi_VN","og_type":"article","og_title":"TR\u00ca NGUY\u00caN CON - JVB Food","og_description":"Th\u00f9ng 15kg","og_url":"https:\/\/jvbfood.asia\/?product=tre-nguyen-con","og_site_name":"JVB Food","article_modified_time":"2026-01-11T05:42:16+00:00","og_image":[{"width":960,"height":1280,"url":"https:\/\/jvbfood.asia\/wp-content\/uploads\/2025\/06\/461658418_563733322757217_6883323030452077698_n.jpg","type":"image\/jpeg"}],"twitter_card":"summary_large_image","schema":{"@context":"https:\/\/schema.org","@graph":[{"@type":"WebPage","@id":"https:\/\/jvbfood.asia\/?product=tre-nguyen-con","url":"https:\/\/jvbfood.asia\/?product=tre-nguyen-con","name":"TR\u00ca NGUY\u00caN CON - JVB Food","isPartOf":{"@id":"https:\/\/jvbfood.asia\/#website"},"primaryImageOfPage":{"@id":"https:\/\/jvbfood.asia\/?product=tre-nguyen-con#primaryimage"},"image":{"@id":"https:\/\/jvbfood.asia\/?product=tre-nguyen-con#primaryimage"},"thumbnailUrl":"https:\/\/jvbfood.asia\/wp-content\/uploads\/2025\/06\/461658418_563733322757217_6883323030452077698_n.jpg","datePublished":"2025-11-06T08:59:48+00:00","dateModified":"2026-01-11T05:42:16+00:00","breadcrumb":{"@id":"https:\/\/jvbfood.asia\/?product=tre-nguyen-con#breadcrumb"},"inLanguage":"vi","potentialAction":[{"@type":"ReadAction","target":["https:\/\/jvbfood.asia\/?product=tre-nguyen-con"]}]},{"@type":"ImageObject","inLanguage":"vi","@id":"https:\/\/jvbfood.asia\/?product=tre-nguyen-con#primaryimage","url":"https:\/\/jvbfood.asia\/wp-content\/uploads\/2025\/06\/461658418_563733322757217_6883323030452077698_n.jpg","contentUrl":"https:\/\/jvbfood.asia\/wp-content\/uploads\/2025\/06\/461658418_563733322757217_6883323030452077698_n.jpg","width":960,"height":1280},{"@type":"BreadcrumbList","@id":"https:\/\/jvbfood.asia\/?product=tre-nguyen-con#breadcrumb","itemListElement":[{"@type":"ListItem","position":1,"name":"Trang ch\u1ee7","item":"https:\/\/jvbfood.asia\/"},{"@type":"ListItem","position":2,"name":"Shop","item":"https:\/\/jvbfood.asia\/?page_id=19"},{"@type":"ListItem","position":3,"name":"TR\u00ca NGUY\u00caN CON"}]},{"@type":"WebSite","@id":"https:\/\/jvbfood.asia\/#website","url":"https:\/\/jvbfood.asia\/","name":"JVB Food","description":"JVB Food chuy\u00ean cung c\u1ea5p &amp; ph\u00e2n ph\u1ed1i s\u1ec9 th\u1ef1c ph\u1ea9m Vi\u1ec7t Nam ngon, chu\u1ea9n v\u1ecb t\u1ea1i Nh\u1eadt B\u1ea3n cho nh\u00e0 h\u00e0ng, qu\u00e1n \u0103n v\u00e0 \u0111\u1ed1i t\u00e1c kinh doanh. Ngu\u1ed3n h\u00e0ng \u1ed5n \u0111\u1ecbnh \u2013 gi\u00e1 s\u1ec9 c\u1ea1nh tranh.","potentialAction":[{"@type":"SearchAction","target":{"@type":"EntryPoint","urlTemplate":"https:\/\/jvbfood.asia\/?s={search_term_string}"},"query-input":{"@type":"PropertyValueSpecification","valueRequired":true,"valueName":"search_term_string"}}],"inLanguage":"vi"}]}},"_links":{"self":[{"href":"https:\/\/jvbfood.asia\/index.php?rest_route=\/wp\/v2\/product\/490","targetHints":{"allow":["GET"]}}],"collection":[{"href":"https:\/\/jvbfood.asia\/index.php?rest_route=\/wp\/v2\/product"}],"about":[{"href":"https:\/\/jvbfood.asia\/index.php?rest_route=\/wp\/v2\/types\/product"}],"wp:featuredmedia":[{"embeddable":true,"href":"https:\/\/jvbfood.asia\/index.php?rest_route=\/wp\/v2\/media\/492"}],"wp:attachment":[{"href":"https:\/\/jvbfood.asia\/index.php?rest_route=%2Fwp%2Fv2%2Fmedia&parent=490"}],"wp:term":[{"taxonomy":"product_brand","embeddable":true,"href":"https:\/\/jvbfood.asia\/index.php?rest_route=%2Fwp%2Fv2%2Fproduct_brand&post=490"},{"taxonomy":"product_cat","embeddable":true,"href":"https:\/\/jvbfood.asia\/index.php?rest_route=%2Fwp%2Fv2%2Fproduct_cat&post=490"},{"taxonomy":"product_tag","embeddable":true,"href":"https:\/\/jvbfood.asia\/index.php?rest_route=%2Fwp%2Fv2%2Fproduct_tag&post=490"}],"curies":[{"name":"wp","href":"https:\/\/api.w.org\/{rel}","templated":true}]}}