{"id":369,"date":"2026-02-02T11:57:02","date_gmt":"2026-02-02T11:57:02","guid":{"rendered":"https:\/\/jvbfood.asia\/?post_type=product&#038;p=369"},"modified":"2026-02-23T09:27:31","modified_gmt":"2026-02-23T09:27:31","slug":"loc-nguyen-con","status":"publish","type":"product","link":"https:\/\/jvbfood.asia\/?product=loc-nguyen-con","title":{"rendered":"C\u00c1 L\u00d3C NGUY\u00caN CON"},"content":{"rendered":"","protected":false},"excerpt":{"rendered":"<p>Th\u00f9ng 15kg<\/p>\n","protected":false},"featured_media":461,"template":"","meta":{"_acf_changed":false},"product_brand":[],"product_cat":[76,69],"product_tag":[],"class_list":{"0":"post-369","1":"product","2":"type-product","3":"status-publish","4":"has-post-thumbnail","6":"product_cat-ca","7":"product_cat-tom-cua-ca-thuy-hai-san","9":"first","10":"instock","11":"sale","12":"shipping-taxable","13":"purchasable","14":"product-type-simple"},"acf":[],"yoast_head":"<!-- This site is optimized with the Yoast SEO plugin v27.2 - https:\/\/yoast.com\/product\/yoast-seo-wordpress\/ -->\n<title>C\u00c1 L\u00d3C NGUY\u00caN CON - JVB Food<\/title>\n<meta name=\"robots\" content=\"index, follow, max-snippet:-1, max-image-preview:large, max-video-preview:-1\" \/>\n<link rel=\"canonical\" href=\"https:\/\/jvbfood.asia\/?product=loc-nguyen-con\" \/>\n<meta property=\"og:locale\" content=\"vi_VN\" \/>\n<meta property=\"og:type\" content=\"article\" \/>\n<meta property=\"og:title\" content=\"C\u00c1 L\u00d3C NGUY\u00caN CON - JVB Food\" \/>\n<meta property=\"og:description\" content=\"Th\u00f9ng 15kg\" \/>\n<meta property=\"og:url\" content=\"https:\/\/jvbfood.asia\/?product=loc-nguyen-con\" \/>\n<meta property=\"og:site_name\" content=\"JVB Food\" \/>\n<meta property=\"article:modified_time\" content=\"2026-02-23T09:27:31+00:00\" \/>\n<meta property=\"og:image\" content=\"https:\/\/jvbfood.asia\/wp-content\/uploads\/2025\/06\/492809368_732972985833249_8720974942646721984_n.jpg\" \/>\n\t<meta property=\"og:image:width\" content=\"1512\" \/>\n\t<meta property=\"og:image:height\" content=\"2016\" \/>\n\t<meta property=\"og:image:type\" content=\"image\/jpeg\" \/>\n<meta name=\"twitter:card\" content=\"summary_large_image\" \/>\n<meta name=\"twitter:label1\" content=\"\u01af\u1edbc t\u00ednh th\u1eddi gian \u0111\u1ecdc\" \/>\n\t<meta name=\"twitter:data1\" content=\"1 ph\u00fat\" \/>\n<script type=\"application\/ld+json\" class=\"yoast-schema-graph\">{\"@context\":\"https:\/\/schema.org\",\"@graph\":[{\"@type\":\"WebPage\",\"@id\":\"https:\/\/jvbfood.asia\/?product=loc-nguyen-con\",\"url\":\"https:\/\/jvbfood.asia\/?product=loc-nguyen-con\",\"name\":\"C\u00c1 L\u00d3C NGUY\u00caN CON - JVB Food\",\"isPartOf\":{\"@id\":\"https:\/\/jvbfood.asia\/#website\"},\"primaryImageOfPage\":{\"@id\":\"https:\/\/jvbfood.asia\/?product=loc-nguyen-con#primaryimage\"},\"image\":{\"@id\":\"https:\/\/jvbfood.asia\/?product=loc-nguyen-con#primaryimage\"},\"thumbnailUrl\":\"https:\/\/jvbfood.asia\/wp-content\/uploads\/2025\/06\/492809368_732972985833249_8720974942646721984_n.jpg\",\"datePublished\":\"2026-02-02T11:57:02+00:00\",\"dateModified\":\"2026-02-23T09:27:31+00:00\",\"breadcrumb\":{\"@id\":\"https:\/\/jvbfood.asia\/?product=loc-nguyen-con#breadcrumb\"},\"inLanguage\":\"vi\",\"potentialAction\":[{\"@type\":\"ReadAction\",\"target\":[\"https:\/\/jvbfood.asia\/?product=loc-nguyen-con\"]}]},{\"@type\":\"ImageObject\",\"inLanguage\":\"vi\",\"@id\":\"https:\/\/jvbfood.asia\/?product=loc-nguyen-con#primaryimage\",\"url\":\"https:\/\/jvbfood.asia\/wp-content\/uploads\/2025\/06\/492809368_732972985833249_8720974942646721984_n.jpg\",\"contentUrl\":\"https:\/\/jvbfood.asia\/wp-content\/uploads\/2025\/06\/492809368_732972985833249_8720974942646721984_n.jpg\",\"width\":1512,\"height\":2016},{\"@type\":\"BreadcrumbList\",\"@id\":\"https:\/\/jvbfood.asia\/?product=loc-nguyen-con#breadcrumb\",\"itemListElement\":[{\"@type\":\"ListItem\",\"position\":1,\"name\":\"Trang ch\u1ee7\",\"item\":\"https:\/\/jvbfood.asia\/\"},{\"@type\":\"ListItem\",\"position\":2,\"name\":\"Shop\",\"item\":\"https:\/\/jvbfood.asia\/?page_id=19\"},{\"@type\":\"ListItem\",\"position\":3,\"name\":\"C\u00c1 L\u00d3C NGUY\u00caN CON\"}]},{\"@type\":\"WebSite\",\"@id\":\"https:\/\/jvbfood.asia\/#website\",\"url\":\"https:\/\/jvbfood.asia\/\",\"name\":\"JVB Food\",\"description\":\"JVB Food chuy\u00ean cung c\u1ea5p &amp; ph\u00e2n ph\u1ed1i s\u1ec9 th\u1ef1c ph\u1ea9m Vi\u1ec7t Nam ngon, chu\u1ea9n v\u1ecb t\u1ea1i Nh\u1eadt B\u1ea3n cho nh\u00e0 h\u00e0ng, qu\u00e1n \u0103n v\u00e0 \u0111\u1ed1i t\u00e1c kinh doanh. Ngu\u1ed3n h\u00e0ng \u1ed5n \u0111\u1ecbnh \u2013 gi\u00e1 s\u1ec9 c\u1ea1nh tranh.\",\"potentialAction\":[{\"@type\":\"SearchAction\",\"target\":{\"@type\":\"EntryPoint\",\"urlTemplate\":\"https:\/\/jvbfood.asia\/?s={search_term_string}\"},\"query-input\":{\"@type\":\"PropertyValueSpecification\",\"valueRequired\":true,\"valueName\":\"search_term_string\"}}],\"inLanguage\":\"vi\"}]}<\/script>\n<!-- \/ Yoast SEO plugin. -->","yoast_head_json":{"title":"C\u00c1 L\u00d3C NGUY\u00caN CON - JVB Food","robots":{"index":"index","follow":"follow","max-snippet":"max-snippet:-1","max-image-preview":"max-image-preview:large","max-video-preview":"max-video-preview:-1"},"canonical":"https:\/\/jvbfood.asia\/?product=loc-nguyen-con","og_locale":"vi_VN","og_type":"article","og_title":"C\u00c1 L\u00d3C NGUY\u00caN CON - JVB Food","og_description":"Th\u00f9ng 15kg","og_url":"https:\/\/jvbfood.asia\/?product=loc-nguyen-con","og_site_name":"JVB Food","article_modified_time":"2026-02-23T09:27:31+00:00","og_image":[{"width":1512,"height":2016,"url":"https:\/\/jvbfood.asia\/wp-content\/uploads\/2025\/06\/492809368_732972985833249_8720974942646721984_n.jpg","type":"image\/jpeg"}],"twitter_card":"summary_large_image","twitter_misc":{"\u01af\u1edbc t\u00ednh th\u1eddi gian \u0111\u1ecdc":"1 ph\u00fat"},"schema":{"@context":"https:\/\/schema.org","@graph":[{"@type":"WebPage","@id":"https:\/\/jvbfood.asia\/?product=loc-nguyen-con","url":"https:\/\/jvbfood.asia\/?product=loc-nguyen-con","name":"C\u00c1 L\u00d3C NGUY\u00caN CON - JVB Food","isPartOf":{"@id":"https:\/\/jvbfood.asia\/#website"},"primaryImageOfPage":{"@id":"https:\/\/jvbfood.asia\/?product=loc-nguyen-con#primaryimage"},"image":{"@id":"https:\/\/jvbfood.asia\/?product=loc-nguyen-con#primaryimage"},"thumbnailUrl":"https:\/\/jvbfood.asia\/wp-content\/uploads\/2025\/06\/492809368_732972985833249_8720974942646721984_n.jpg","datePublished":"2026-02-02T11:57:02+00:00","dateModified":"2026-02-23T09:27:31+00:00","breadcrumb":{"@id":"https:\/\/jvbfood.asia\/?product=loc-nguyen-con#breadcrumb"},"inLanguage":"vi","potentialAction":[{"@type":"ReadAction","target":["https:\/\/jvbfood.asia\/?product=loc-nguyen-con"]}]},{"@type":"ImageObject","inLanguage":"vi","@id":"https:\/\/jvbfood.asia\/?product=loc-nguyen-con#primaryimage","url":"https:\/\/jvbfood.asia\/wp-content\/uploads\/2025\/06\/492809368_732972985833249_8720974942646721984_n.jpg","contentUrl":"https:\/\/jvbfood.asia\/wp-content\/uploads\/2025\/06\/492809368_732972985833249_8720974942646721984_n.jpg","width":1512,"height":2016},{"@type":"BreadcrumbList","@id":"https:\/\/jvbfood.asia\/?product=loc-nguyen-con#breadcrumb","itemListElement":[{"@type":"ListItem","position":1,"name":"Trang ch\u1ee7","item":"https:\/\/jvbfood.asia\/"},{"@type":"ListItem","position":2,"name":"Shop","item":"https:\/\/jvbfood.asia\/?page_id=19"},{"@type":"ListItem","position":3,"name":"C\u00c1 L\u00d3C NGUY\u00caN CON"}]},{"@type":"WebSite","@id":"https:\/\/jvbfood.asia\/#website","url":"https:\/\/jvbfood.asia\/","name":"JVB Food","description":"JVB Food chuy\u00ean cung c\u1ea5p &amp; ph\u00e2n ph\u1ed1i s\u1ec9 th\u1ef1c ph\u1ea9m Vi\u1ec7t Nam ngon, chu\u1ea9n v\u1ecb t\u1ea1i Nh\u1eadt B\u1ea3n cho nh\u00e0 h\u00e0ng, qu\u00e1n \u0103n v\u00e0 \u0111\u1ed1i t\u00e1c kinh doanh. Ngu\u1ed3n h\u00e0ng \u1ed5n \u0111\u1ecbnh \u2013 gi\u00e1 s\u1ec9 c\u1ea1nh tranh.","potentialAction":[{"@type":"SearchAction","target":{"@type":"EntryPoint","urlTemplate":"https:\/\/jvbfood.asia\/?s={search_term_string}"},"query-input":{"@type":"PropertyValueSpecification","valueRequired":true,"valueName":"search_term_string"}}],"inLanguage":"vi"}]}},"_links":{"self":[{"href":"https:\/\/jvbfood.asia\/index.php?rest_route=\/wp\/v2\/product\/369","targetHints":{"allow":["GET"]}}],"collection":[{"href":"https:\/\/jvbfood.asia\/index.php?rest_route=\/wp\/v2\/product"}],"about":[{"href":"https:\/\/jvbfood.asia\/index.php?rest_route=\/wp\/v2\/types\/product"}],"wp:featuredmedia":[{"embeddable":true,"href":"https:\/\/jvbfood.asia\/index.php?rest_route=\/wp\/v2\/media\/461"}],"wp:attachment":[{"href":"https:\/\/jvbfood.asia\/index.php?rest_route=%2Fwp%2Fv2%2Fmedia&parent=369"}],"wp:term":[{"taxonomy":"product_brand","embeddable":true,"href":"https:\/\/jvbfood.asia\/index.php?rest_route=%2Fwp%2Fv2%2Fproduct_brand&post=369"},{"taxonomy":"product_cat","embeddable":true,"href":"https:\/\/jvbfood.asia\/index.php?rest_route=%2Fwp%2Fv2%2Fproduct_cat&post=369"},{"taxonomy":"product_tag","embeddable":true,"href":"https:\/\/jvbfood.asia\/index.php?rest_route=%2Fwp%2Fv2%2Fproduct_tag&post=369"}],"curies":[{"name":"wp","href":"https:\/\/api.w.org\/{rel}","templated":true}]}}